{"id":3,"date":"2025-12-17T00:01:27","date_gmt":"2025-12-17T00:01:27","guid":{"rendered":"http:\/\/www.zupino.com\/?page_id=3"},"modified":"2026-01-02T20:22:39","modified_gmt":"2026-01-02T20:22:39","slug":"politica-de-privacidad","status":"publish","type":"page","link":"https:\/\/www.zupino.com\/es\/politica-de-privacidad\/","title":{"rendered":"Pol\u00edtica de privacidad"},"content":{"rendered":"<p><strong>Fecha de entrada en vigor:<\/strong> 01\/01\/2025<\/p>\n\n\n\n<p>Esta Pol\u00edtica de privacidad explica c\u00f3mo <strong>Zupino<\/strong> (\u201cZupino\u201d, \u201cnosotros\u201d, \u201cnos\u201d o \u201cnuestro\u201d) recopila, utiliza y protege los datos personales relacionados con el uso de nuestro sitio web., <a>www.zupino.com<\/a> (el \u201cSitio web\u201d). Zupino se compromete a proteger sus datos personales de conformidad con las leyes de protecci\u00f3n de datos aplicables, incluido el Reglamento General de Protecci\u00f3n de Datos (RGPD) de la UE, el RGPD del Reino Unido y la Ley Federal Suiza de Protecci\u00f3n de Datos (FADP).<\/p>\n\n\n\n<p>Zupino es una revista online global dedicada a seguir las herramientas, plataformas e inteligencia aplicada m\u00e1s potentes de IA que est\u00e1n dando forma al futuro de la productividad, la creatividad y la innovaci\u00f3n empresarial. Ofrecemos informaci\u00f3n de todo el mundo para ayudar a nuestros lectores a mantenerse a la vanguardia de las tecnolog\u00edas de IA que est\u00e1n transformando nuestra forma de trabajar, crear e innovar.<\/p>\n\n\n\n<h2 class=\"wp-block-heading\">1. Responsable del tratamiento de datos<\/h2>\n\n\n\n<p>El responsable del tratamiento de sus datos personales en virtud de la presente Pol\u00edtica de privacidad es <strong>Zupino<\/strong><a> en info @ zupino.com<\/a> .<br><\/p>\n\n\n\n<h2 class=\"wp-block-heading\">2. \u00c1mbito de aplicaci\u00f3n<\/h2>\n\n\n\n<p>Esta Pol\u00edtica de privacidad se aplica a todos los visitantes y usuarios del sitio web. Regula la recopilaci\u00f3n y el tratamiento de datos personales cuando navegas por el contenido, te suscribes a boletines informativos, te pones en contacto con nosotros o utilizas otros servicios ofrecidos en el sitio web.<br><\/p>\n\n\n\n<h2 class=\"wp-block-heading\">3. Categor\u00edas de datos personales<\/h2>\n\n\n\n<h3 class=\"wp-block-heading\">3.1 Datos proporcionados por los usuarios<\/h3>\n\n\n\n<p>Podemos recopilar informaci\u00f3n personal que usted nos proporcione voluntariamente, como por ejemplo:<\/p>\n\n\n\n<ul class=\"wp-block-list\">\n<li>Nombre (si se proporciona)<\/li>\n\n\n\n<li>Direcci\u00f3n de correo electr\u00f3nico<\/li>\n\n\n\n<li>Cualquier otra informaci\u00f3n incluida en mensajes, formularios o comunicaciones con Zupino.<\/li>\n<\/ul>\n\n\n\n<p><\/p>\n\n\n\n<h3 class=\"wp-block-heading\">3.2 Datos recopilados autom\u00e1ticamente<\/h3>\n\n\n\n<p>Cuando visita nuestro sitio web, es posible que se recopilen autom\u00e1ticamente ciertos datos t\u00e9cnicos, entre los que se incluyen:<\/p>\n\n\n\n<ul class=\"wp-block-list\">\n<li>Direcci\u00f3n IP<\/li>\n\n\n\n<li>Tipo y versi\u00f3n del navegador<\/li>\n\n\n\n<li>Informaci\u00f3n sobre el dispositivo y el sistema operativo<\/li>\n\n\n\n<li>Fecha y hora de acceso<\/li>\n\n\n\n<li>P\u00e1ginas visitadas y URL de referencia<\/li>\n<\/ul>\n\n\n\n<p><\/p>\n\n\n\n<h2 class=\"wp-block-heading\">4. Finalidades del tratamiento<\/h2>\n\n\n\n<p>Procesamos datos personales con fines que incluyen:<\/p>\n\n\n\n<ul class=\"wp-block-list\">\n<li>Operaci\u00f3n, mantenimiento y mejora del sitio web.<\/li>\n\n\n\n<li>Comunicarse con los usuarios y responder a sus consultas.<\/li>\n\n\n\n<li>Garantizar la seguridad y el correcto funcionamiento del sitio web.<\/li>\n\n\n\n<li>Analizar el tr\u00e1fico y mejorar el rendimiento<\/li>\n\n\n\n<li>Cumplimiento de las obligaciones legales y reglamentarias<\/li>\n<\/ul>\n\n\n\n<p><\/p>\n\n\n\n<h2 class=\"wp-block-heading\">5. Bases legales para el tratamiento<\/h2>\n\n\n\n<p>Los datos personales se tratan de conformidad con la legislaci\u00f3n aplicable sobre la base de:<\/p>\n\n\n\n<ul class=\"wp-block-list\">\n<li>Su consentimiento, cuando sea necesario<\/li>\n\n\n\n<li>Nuestros intereses leg\u00edtimos, como gestionar y mejorar el sitio web.<\/li>\n\n\n\n<li>Cumplimiento de las obligaciones legales<\/li>\n\n\n\n<li>Cumplimiento de medidas contractuales o precontractuales, cuando proceda.<\/li>\n<\/ul>\n\n\n\n<p><\/p>\n\n\n\n<h2 class=\"wp-block-heading\">6. Divulgaci\u00f3n de datos personales<\/h2>\n\n\n\n<p>No vendemos ni alquilamos datos personales. Los datos personales solo se pueden compartir con terceros cuando sea necesario, como por ejemplo:<\/p>\n\n\n\n<ul class=\"wp-block-list\">\n<li>Proveedores de servicios de alojamiento, TI o CRM<\/li>\n\n\n\n<li>Proveedores de an\u00e1lisis web<\/li>\n\n\n\n<li>Asesores profesionales o autoridades, cuando as\u00ed lo exija la ley.<\/li>\n<\/ul>\n\n\n\n<p>Todos los terceros est\u00e1n obligados a tratar los datos personales de conformidad con la legislaci\u00f3n aplicable y las garant\u00edas adecuadas.<\/p>\n\n\n\n<p><\/p>\n\n\n\n<h2 class=\"wp-block-heading\">7. Transferencias internacionales de datos<\/h2>\n\n\n\n<p>Los datos personales pueden transferirse a pa\u00edses fuera de la UE, el Reino Unido o Suiza. Cuando esto ocurre, se implementan las medidas de seguridad adecuadas, incluyendo decisiones de adecuaci\u00f3n, cl\u00e1usulas contractuales est\u00e1ndar u otros mecanismos de transferencia legales.<\/p>\n\n\n\n<p><\/p>\n\n\n\n<h2 class=\"wp-block-heading\">8. Conservaci\u00f3n de datos<\/h2>\n\n\n\n<p>Conservamos los datos personales solo durante el tiempo necesario para cumplir con los fines para los que fueron recopilados, a menos que la ley exija o permita un per\u00edodo de conservaci\u00f3n m\u00e1s largo.<\/p>\n\n\n\n<p><\/p>\n\n\n\n<h2 class=\"wp-block-heading\">9. Cookies y tecnolog\u00edas similares<\/h2>\n\n\n\n<p>El sitio web puede utilizar cookies y tecnolog\u00edas similares para garantizar su funcionalidad, analizar el tr\u00e1fico y mejorar su experiencia. Puede gestionar las preferencias de cookies a trav\u00e9s de la configuraci\u00f3n de su navegador. Se puede proporcionar informaci\u00f3n adicional en una Pol\u00edtica de cookies independiente.<\/p>\n\n\n\n<p><\/p>\n\n\n\n<h2 class=\"wp-block-heading\">10. Seguridad de los datos<\/h2>\n\n\n\n<p>Zupino implementa las medidas t\u00e9cnicas y organizativas adecuadas para proteger los datos personales contra el acceso no autorizado, la p\u00e9rdida, la alteraci\u00f3n o la divulgaci\u00f3n. Aunque nos esforzamos por garantizar la seguridad de los datos, no podemos garantizar una protecci\u00f3n absoluta.<\/p>\n\n\n\n<p><\/p>\n\n\n\n<h2 class=\"wp-block-heading\">11. Derechos del interesado<\/h2>\n\n\n\n<p>En virtud de las leyes de protecci\u00f3n de datos aplicables, los usuarios tienen derecho a:<\/p>\n\n\n\n<ul class=\"wp-block-list\">\n<li>Acceder a sus datos personales<\/li>\n\n\n\n<li>Solicitar la correcci\u00f3n de datos inexactos<\/li>\n\n\n\n<li>Solicitar la eliminaci\u00f3n de datos personales<\/li>\n\n\n\n<li>Solicitar restricci\u00f3n del tratamiento<\/li>\n\n\n\n<li>Oponerse al tratamiento<\/li>\n\n\n\n<li>Solicitar la portabilidad de datos<\/li>\n\n\n\n<li>Retirar el consentimiento en cualquier momento, cuando el tratamiento se base en el consentimiento.<\/li>\n<\/ul>\n\n\n\n<p>Las solicitudes pueden enviarse a: <strong><a>info@zupino.com<\/a><\/strong><\/p>\n\n\n\n<p><\/p>\n\n\n\n<h2 class=\"wp-block-heading\">12. Derecho a presentar una reclamaci\u00f3n<\/h2>\n\n\n\n<p>Los usuarios tienen derecho a presentar una reclamaci\u00f3n ante una autoridad competente en materia de protecci\u00f3n de datos, incluidas las autoridades de la UE, la Oficina del Comisionado de Informaci\u00f3n del Reino Unido (ICO) o el Comisionado Federal Suizo para la Protecci\u00f3n de Datos y la Informaci\u00f3n (FDPIC).<\/p>\n\n\n\n<p><\/p>\n\n\n\n<h2 class=\"wp-block-heading\">13. Sitios web de terceros<\/h2>\n\n\n\n<p>El sitio web puede contener enlaces a sitios web de terceros. Zupino no se hace responsable de las pr\u00e1cticas de privacidad ni del contenido de dichos sitios web. Se recomienda a los usuarios que revisen las pol\u00edticas de privacidad de cualquier sitio web de terceros que visiten.<\/p>\n\n\n\n<p><\/p>\n\n\n\n<h2 class=\"wp-block-heading\">14. Modificaciones<\/h2>\n\n\n\n<p>Zupino se reserva el derecho de actualizar esta Pol\u00edtica de privacidad en cualquier momento. Los cambios se publicar\u00e1n en el sitio web y entrar\u00e1n en vigor tras su publicaci\u00f3n.<\/p>\n\n\n\n<p><\/p>\n\n\n\n<h2 class=\"wp-block-heading\">15. Contacto<\/h2>\n\n\n\n<p>Si tiene alguna pregunta o solicitud relacionada con esta Pol\u00edtica de privacidad o con el tratamiento de datos personales, p\u00f3ngase en contacto con:<\/p>\n\n\n\n<p><strong>Correo electr\u00f3nico:<\/strong> <a>info@zupino.com<\/a><\/p>","protected":false},"excerpt":{"rendered":"<p>Fecha de entrada en vigor: 01\/01\/2025 La presente Pol\u00edtica de privacidad explica c\u00f3mo Zupino (\u201cZupino\u201d, \u201cnosotros\u201d, \u201cnos\u201d o \u201cnuestro\u201d) recopila, utiliza y protege los datos personales.<\/p>","protected":false},"author":1,"featured_media":0,"parent":0,"menu_order":0,"comment_status":"closed","ping_status":"open","template":"","meta":{"colormag_page_container_layout":"default_layout","colormag_page_sidebar_layout":"default_layout","footnotes":""},"class_list":["post-3","page","type-page","status-publish","hentry"],"magazineBlocksPostFeaturedMedia":{"thumbnail":false,"medium":false,"medium_large":false,"large":false,"1536x1536":false,"2048x2048":false,"trp-custom-language-flag":false,"colormag-highlighted-post":false,"colormag-featured-post-medium":false,"colormag-featured-post-small":false,"colormag-featured-image":false,"colormag-default-news":false,"colormag-featured-image-large":false},"magazineBlocksPostAuthor":{"name":"Sebastien","avatar":"https:\/\/secure.gravatar.com\/avatar\/1f71a3f51d991ba8e1f56b75fbce7c26ec22b4bdc7af3cc6235ab4dbb53f8013?s=96&d=mm&r=g"},"magazineBlocksPostCommentsNumber":false,"magazineBlocksPostExcerpt":"Effective Date: 01\/01\/2025 This Privacy Policy explains how Zupino (\u201cZupino,\u201d \u201cwe,\u201d \u201cus,\u201d or \u201cour\u201d) collects, uses, and protects personal data","magazineBlocksPostCategories":[],"magazineBlocksPostViewCount":0,"magazineBlocksPostReadTime":4,"yoast_head":"<!-- This site is optimized with the Yoast SEO plugin v26.6 - https:\/\/yoast.com\/wordpress\/plugins\/seo\/ -->\n<title>Privacy Policy - Zupino | AI Tools and Applied Intelligence<\/title>\n<meta name=\"robots\" content=\"index, follow, max-snippet:-1, max-image-preview:large, max-video-preview:-1\" \/>\n<link rel=\"canonical\" href=\"https:\/\/www.zupino.com\/es\/politica-de-privacidad\/\" \/>\n<meta property=\"og:locale\" content=\"es_ES\" \/>\n<meta property=\"og:type\" content=\"article\" \/>\n<meta property=\"og:title\" content=\"Privacy Policy - Zupino | AI Tools and Applied Intelligence\" \/>\n<meta property=\"og:description\" content=\"Effective Date: 01\/01\/2025 This Privacy Policy explains how Zupino (\u201cZupino,\u201d \u201cwe,\u201d \u201cus,\u201d or \u201cour\u201d) collects, uses, and protects personal data\" \/>\n<meta property=\"og:url\" content=\"https:\/\/www.zupino.com\/es\/politica-de-privacidad\/\" \/>\n<meta property=\"og:site_name\" content=\"Zupino | AI Tools and Applied Intelligence\" \/>\n<meta property=\"article:modified_time\" content=\"2026-01-02T20:22:39+00:00\" \/>\n<meta name=\"twitter:card\" content=\"summary_large_image\" \/>\n<meta name=\"twitter:label1\" content=\"Tiempo de lectura\" \/>\n\t<meta name=\"twitter:data1\" content=\"4 minutos\" \/>\n<script type=\"application\/ld+json\" class=\"yoast-schema-graph\">{\"@context\":\"https:\/\/schema.org\",\"@graph\":[{\"@type\":\"WebPage\",\"@id\":\"https:\/\/www.zupino.com\/pl\/polityka-prywatnosci\/\",\"url\":\"https:\/\/www.zupino.com\/pl\/polityka-prywatnosci\/\",\"name\":\"Privacy Policy - Zupino | AI Tools and Applied Intelligence\",\"isPartOf\":{\"@id\":\"http:\/\/www.zupino.com\/#website\"},\"datePublished\":\"2025-12-17T00:01:27+00:00\",\"dateModified\":\"2026-01-02T20:22:39+00:00\",\"breadcrumb\":{\"@id\":\"https:\/\/www.zupino.com\/pl\/polityka-prywatnosci\/#breadcrumb\"},\"inLanguage\":\"es\",\"potentialAction\":[{\"@type\":\"ReadAction\",\"target\":[\"https:\/\/www.zupino.com\/pl\/polityka-prywatnosci\/\"]}]},{\"@type\":\"BreadcrumbList\",\"@id\":\"https:\/\/www.zupino.com\/pl\/polityka-prywatnosci\/#breadcrumb\",\"itemListElement\":[{\"@type\":\"ListItem\",\"position\":1,\"name\":\"Home\",\"item\":\"http:\/\/www.zupino.com\/\"},{\"@type\":\"ListItem\",\"position\":2,\"name\":\"Privacy Policy\"}]},{\"@type\":\"WebSite\",\"@id\":\"http:\/\/www.zupino.com\/#website\",\"url\":\"http:\/\/www.zupino.com\/\",\"name\":\"Zupino | AI Tools and Applied Intelligence\",\"description\":\"Zupino is a global media platform covering AI tools, strategies, generative AI, enterprise AI, and emerging AI startups shaping productivity, creativity, and business transformation worldwide.\",\"publisher\":{\"@id\":\"http:\/\/www.zupino.com\/#organization\"},\"potentialAction\":[{\"@type\":\"SearchAction\",\"target\":{\"@type\":\"EntryPoint\",\"urlTemplate\":\"http:\/\/www.zupino.com\/?s={search_term_string}\"},\"query-input\":{\"@type\":\"PropertyValueSpecification\",\"valueRequired\":true,\"valueName\":\"search_term_string\"}}],\"inLanguage\":\"es\"},{\"@type\":\"Organization\",\"@id\":\"http:\/\/www.zupino.com\/#organization\",\"name\":\"Zupino | AI Tools and Applied Intelligence\",\"url\":\"http:\/\/www.zupino.com\/\",\"logo\":{\"@type\":\"ImageObject\",\"inLanguage\":\"es\",\"@id\":\"http:\/\/www.zupino.com\/#\/schema\/logo\/image\/\",\"url\":\"https:\/\/www.zupino.com\/wp-content\/uploads\/2025\/12\/zupino-1.png\",\"contentUrl\":\"https:\/\/www.zupino.com\/wp-content\/uploads\/2025\/12\/zupino-1.png\",\"width\":200,\"height\":55,\"caption\":\"Zupino | AI Tools and Applied Intelligence\"},\"image\":{\"@id\":\"http:\/\/www.zupino.com\/#\/schema\/logo\/image\/\"}}]}<\/script>\n<!-- \/ Yoast SEO plugin. -->","yoast_head_json":{"title":"Pol\u00edtica de privacidad - Zupino | Herramientas de IA e inteligencia aplicada","robots":{"index":"index","follow":"follow","max-snippet":"max-snippet:-1","max-image-preview":"max-image-preview:large","max-video-preview":"max-video-preview:-1"},"canonical":"https:\/\/www.zupino.com\/es\/politica-de-privacidad\/","og_locale":"es_ES","og_type":"article","og_title":"Privacy Policy - Zupino | AI Tools and Applied Intelligence","og_description":"Effective Date: 01\/01\/2025 This Privacy Policy explains how Zupino (\u201cZupino,\u201d \u201cwe,\u201d \u201cus,\u201d or \u201cour\u201d) collects, uses, and protects personal data","og_url":"https:\/\/www.zupino.com\/es\/politica-de-privacidad\/","og_site_name":"Zupino | AI Tools and Applied Intelligence","article_modified_time":"2026-01-02T20:22:39+00:00","twitter_card":"summary_large_image","twitter_misc":{"Tiempo de lectura":"4 minutos"},"schema":{"@context":"https:\/\/schema.org","@graph":[{"@type":"WebPage","@id":"https:\/\/www.zupino.com\/pl\/polityka-prywatnosci\/","url":"https:\/\/www.zupino.com\/pl\/polityka-prywatnosci\/","name":"Pol\u00edtica de privacidad - Zupino | Herramientas de IA e inteligencia aplicada","isPartOf":{"@id":"http:\/\/www.zupino.com\/#website"},"datePublished":"2025-12-17T00:01:27+00:00","dateModified":"2026-01-02T20:22:39+00:00","breadcrumb":{"@id":"https:\/\/www.zupino.com\/pl\/polityka-prywatnosci\/#breadcrumb"},"inLanguage":"es","potentialAction":[{"@type":"ReadAction","target":["https:\/\/www.zupino.com\/pl\/polityka-prywatnosci\/"]}]},{"@type":"BreadcrumbList","@id":"https:\/\/www.zupino.com\/pl\/polityka-prywatnosci\/#breadcrumb","itemListElement":[{"@type":"ListItem","position":1,"name":"Home","item":"http:\/\/www.zupino.com\/"},{"@type":"ListItem","position":2,"name":"Privacy Policy"}]},{"@type":"WebSite","@id":"http:\/\/www.zupino.com\/#website","url":"http:\/\/www.zupino.com\/","name":"Zupino | Herramientas de IA e inteligencia aplicada","description":"Zupino es una plataforma medi\u00e1tica global que cubre herramientas de IA, estrategias, IA generativa, IA empresarial y nuevas empresas emergentes de IA que est\u00e1n dando forma a la productividad, la creatividad y la transformaci\u00f3n empresarial en todo el mundo.","publisher":{"@id":"http:\/\/www.zupino.com\/#organization"},"potentialAction":[{"@type":"SearchAction","target":{"@type":"EntryPoint","urlTemplate":"http:\/\/www.zupino.com\/?s={search_term_string}"},"query-input":{"@type":"PropertyValueSpecification","valueRequired":true,"valueName":"search_term_string"}}],"inLanguage":"es"},{"@type":"Organization","@id":"http:\/\/www.zupino.com\/#organization","name":"Zupino | Herramientas de IA e inteligencia aplicada","url":"http:\/\/www.zupino.com\/","logo":{"@type":"ImageObject","inLanguage":"es","@id":"http:\/\/www.zupino.com\/#\/schema\/logo\/image\/","url":"https:\/\/www.zupino.com\/wp-content\/uploads\/2025\/12\/zupino-1.png","contentUrl":"https:\/\/www.zupino.com\/wp-content\/uploads\/2025\/12\/zupino-1.png","width":200,"height":55,"caption":"Zupino | AI Tools and Applied Intelligence"},"image":{"@id":"http:\/\/www.zupino.com\/#\/schema\/logo\/image\/"}}]}},"_links":{"self":[{"href":"https:\/\/www.zupino.com\/es\/wp-json\/wp\/v2\/pages\/3","targetHints":{"allow":["GET"]}}],"collection":[{"href":"https:\/\/www.zupino.com\/es\/wp-json\/wp\/v2\/pages"}],"about":[{"href":"https:\/\/www.zupino.com\/es\/wp-json\/wp\/v2\/types\/page"}],"author":[{"embeddable":true,"href":"https:\/\/www.zupino.com\/es\/wp-json\/wp\/v2\/users\/1"}],"replies":[{"embeddable":true,"href":"https:\/\/www.zupino.com\/es\/wp-json\/wp\/v2\/comments?post=3"}],"version-history":[{"count":1,"href":"https:\/\/www.zupino.com\/es\/wp-json\/wp\/v2\/pages\/3\/revisions"}],"predecessor-version":[{"id":817,"href":"https:\/\/www.zupino.com\/es\/wp-json\/wp\/v2\/pages\/3\/revisions\/817"}],"wp:attachment":[{"href":"https:\/\/www.zupino.com\/es\/wp-json\/wp\/v2\/media?parent=3"}],"curies":[{"name":"wp","href":"https:\/\/api.w.org\/{rel}","templated":true}]}}